{"id":185,"date":"2022-02-01T09:58:42","date_gmt":"2022-02-01T08:58:42","guid":{"rendered":"http:\/\/dev.scahockey.com\/?page_id=185"},"modified":"2022-03-10T18:02:59","modified_gmt":"2022-03-10T17:02:59","slug":"calendrier-et-resultats","status":"publish","type":"page","link":"https:\/\/dev.scahockey.com\/index.php\/calendrier-et-resultats\/","title":{"rendered":"Calendrier et r\u00e9sultats"},"content":{"rendered":"<p>[et_pb_section fb_built=&#8221;1&#8243; fullwidth=&#8221;on&#8221; _builder_version=&#8221;4.13.0&#8243; _module_preset=&#8221;default&#8221; global_colors_info=&#8221;{}&#8221;][et_pb_fullwidth_slider use_bg_overlay=&#8221;on&#8221; bg_overlay_color=&#8221;rgba(255,255,255,0.53)&#8221; admin_label=&#8221;Curseur de d\u00e9filement plein \u00e9cran&#8221; _builder_version=&#8221;4.13.0&#8243; _module_preset=&#8221;default&#8221; header_text_align=&#8221;center&#8221; content_width=&#8221;100%&#8221; min_height_tablet=&#8221;&#8221; min_height_phone=&#8221;&#8221; min_height_last_edited=&#8221;on|desktop&#8221; custom_padding=&#8221;||||false|false&#8221; locked=&#8221;off&#8221; global_colors_info=&#8221;{}&#8221;][et_pb_slide heading=&#8221;Calendrier &#038; R\u00e9sultats&#8221; use_bg_overlay=&#8221;on&#8221; bg_overlay_color=&#8221;rgba(0,0,0,0.45)&#8221; _builder_version=&#8221;4.13.0&#8243; _module_preset=&#8221;default&#8221; header_font=&#8221;Raleway|700|on||||||&#8221; header_font_size=&#8221;60px&#8221; body_font=&#8221;Raleway|800|||||||&#8221; body_text_align=&#8221;center&#8221; body_text_color=&#8221;#FFFFFF&#8221; body_font_size=&#8221;52px&#8221; body_line_height=&#8221;2.2em&#8221; background_enable_color=&#8221;off&#8221; background_image=&#8221;https:\/\/dev.scahockey.com\/wp-content\/uploads\/2022\/02\/DSC_1838-scaled.jpg&#8221; background_enable_image=&#8221;on&#8221; background_position=&#8221;top_center&#8221; custom_button=&#8221;on&#8221; button_text_size=&#8221;20px&#8221; button_bg_color=&#8221;#2074B5&#8243; button_border_width=&#8221;0px&#8221; button_border_radius=&#8221;18px&#8221; button_font=&#8221;Raleway||||||||&#8221; button_alignment=&#8221;center&#8221; header_font_size_tablet=&#8221;60px&#8221; header_font_size_phone=&#8221;50px&#8221; header_font_size_last_edited=&#8221;on|phone&#8221; body_font_size_tablet=&#8221;85px&#8221; body_font_size_phone=&#8221;65px&#8221; body_font_size_last_edited=&#8221;on|phone&#8221; locked=&#8221;off&#8221; global_colors_info=&#8221;{}&#8221; sticky_transition=&#8221;on&#8221;][\/et_pb_slide][\/et_pb_fullwidth_slider][\/et_pb_section][et_pb_section fb_built=&#8221;1&#8243; _builder_version=&#8221;4.13.0&#8243; _module_preset=&#8221;default&#8221; background_color=&#8221;#e4e4e4&#8243; global_colors_info=&#8221;{}&#8221;][et_pb_row _builder_version=&#8221;4.13.0&#8243; _module_preset=&#8221;default&#8221; global_colors_info=&#8221;{}&#8221;][et_pb_column type=&#8221;4_4&#8243; _builder_version=&#8221;4.13.0&#8243; _module_preset=&#8221;default&#8221; global_colors_info=&#8221;{}&#8221;][et_pb_text _builder_version=&#8221;4.13.0&#8243; _module_preset=&#8221;default&#8221; text_orientation=&#8221;center&#8221; global_colors_info=&#8221;{}&#8221;]<H4>Pour t\u00e9l\u00e9charger le calendrier 2021\/2022, cliquez sur le bouton ci-dessous<\/H4>[\/et_pb_text][et_pb_button button_url=&#8221;https:\/\/dev.scahockey.com\/wp-content\/uploads\/2022\/02\/Calendrier-2021-2022-2.xlsx&#8221; url_new_window=&#8221;on&#8221; button_text=&#8221;Calendrier 2021\/2022&#8243; button_alignment=&#8221;center&#8221; _builder_version=&#8221;4.13.0&#8243; _module_preset=&#8221;default&#8221; custom_button=&#8221;on&#8221; button_text_size=&#8221;20px&#8221; button_text_color=&#8221;#F2F2F2&#8243; button_bg_color=&#8221;#2074B5&#8243; button_bg_color_gradient_start=&#8221;#e20c17&#8243; button_bg_color_gradient_end=&#8221;#11135d&#8221; button_bg_color_gradient_direction=&#8221;266deg&#8221; button_bg_color_gradient_start_position=&#8221;100%&#8221; button_border_width=&#8221;1px&#8221; button_border_color=&#8221;RGBA(0,0,0,0)&#8221; button_border_radius=&#8221;18px&#8221; button_font=&#8221;Raleway|600|||||||&#8221; button_icon=&#8221;&#xe092;||divi||400&#8243; button_icon_placement=&#8221;left&#8221; button_on_hover=&#8221;off&#8221; custom_padding=&#8221;|||34px|false|false&#8221; animation_style=&#8221;fade&#8221; animation_delay=&#8221;150ms&#8221; box_shadow_style=&#8221;preset2&#8243; global_colors_info=&#8221;{}&#8221; button_bg_color__hover_enabled=&#8221;on|hover&#8221; button_bg_color__hover=&#8221;#093f69&#8243; button_bg_enable_color__hover=&#8221;on&#8221; transform_scale__hover_enabled=&#8221;off|hover&#8221; transform_translate__hover_enabled=&#8221;off|hover&#8221; transform_rotate__hover_enabled=&#8221;off|hover&#8221; transform_skew__hover_enabled=&#8221;off|hover&#8221; transform_origin__hover_enabled=&#8221;off|hover&#8221;][\/et_pb_button][\/et_pb_column][\/et_pb_row][et_pb_row _builder_version=&#8221;4.13.0&#8243; _module_preset=&#8221;default&#8221; global_colors_info=&#8221;{}&#8221;][et_pb_column type=&#8221;4_4&#8243; _builder_version=&#8221;4.13.0&#8243; _module_preset=&#8221;default&#8221; global_colors_info=&#8221;{}&#8221;][et_pb_text _builder_version=&#8221;4.13.0&#8243; _module_preset=&#8221;default&#8221; text_orientation=&#8221;center&#8221; global_colors_info=&#8221;{}&#8221;]<\/p>\n<h4>Recherchez les r\u00e9sultats du club\u00a0\u00a0<\/h4>\n<p>[\/et_pb_text][et_pb_code _builder_version=&#8221;4.14.8&#8243; _module_preset=&#8221;default&#8221; hover_enabled=&#8221;0&#8243; global_colors_info=&#8221;{}&#8221; sticky_enabled=&#8221;0&#8243;]<iframe loading=\"lazy\" class=\"wrapper\" title=\"Calendrier et R\u00e9sultats \" src=\"https:\/\/championnats.ffhockey.org\/#\/C0122\" name=\"iframe\" width=\"100%\" height=\"1000\" frameborder=\"1\" scrolling=\"yes\"><!-- [et_pb_line_break_holder] --><\/iframe>[\/et_pb_code][\/et_pb_column][\/et_pb_row][\/et_pb_section]<\/p>\n","protected":false},"excerpt":{"rendered":"<p>Pour t\u00e9l\u00e9charger le calendrier 2021\/2022, cliquez sur le bouton ci-dessousRecherchez les r\u00e9sultats du club\u00a0\u00a0<\/p>\n","protected":false},"author":1,"featured_media":0,"parent":0,"menu_order":0,"comment_status":"closed","ping_status":"closed","template":"","meta":{"_et_pb_use_builder":"on","_et_pb_old_content":"","_et_gb_content_width":"","inline_featured_image":false,"footnotes":""},"class_list":["post-185","page","type-page","status-publish","hentry"],"yoast_head":"<!-- This site is optimized with the Yoast SEO plugin v18.4.1 - https:\/\/yoast.com\/wordpress\/plugins\/seo\/ -->\n<title>Calendrier et r\u00e9sultats - SCA Hockey Abbeville<\/title>\n<meta name=\"robots\" content=\"noindex, follow, max-snippet:-1, max-image-preview:large, max-video-preview:-1\" \/>\n<meta property=\"og:locale\" content=\"en_US\" \/>\n<meta property=\"og:type\" content=\"article\" \/>\n<meta property=\"og:title\" content=\"Calendrier et r\u00e9sultats - SCA Hockey Abbeville\" \/>\n<meta property=\"og:description\" content=\"Pour t\u00e9l\u00e9charger le calendrier 2021\/2022, cliquez sur le bouton ci-dessousRecherchez les r\u00e9sultats du club\u00a0\u00a0\" \/>\n<meta property=\"og:url\" content=\"https:\/\/dev.scahockey.com\/index.php\/calendrier-et-resultats\/\" \/>\n<meta property=\"og:site_name\" content=\"SCA Hockey Abbeville\" \/>\n<meta property=\"article:modified_time\" content=\"2022-03-10T17:02:59+00:00\" \/>\n<meta name=\"twitter:card\" content=\"summary_large_image\" \/>\n<script type=\"application\/ld+json\" class=\"yoast-schema-graph\">{\"@context\":\"https:\/\/schema.org\",\"@graph\":[{\"@type\":\"WebSite\",\"@id\":\"https:\/\/dev.scahockey.com\/#website\",\"url\":\"https:\/\/dev.scahockey.com\/\",\"name\":\"SCA Hockey Abbeville\",\"description\":\"De la tenue, de la dignit\u00e9, de la correction\",\"potentialAction\":[{\"@type\":\"SearchAction\",\"target\":{\"@type\":\"EntryPoint\",\"urlTemplate\":\"https:\/\/dev.scahockey.com\/?s={search_term_string}\"},\"query-input\":\"required name=search_term_string\"}],\"inLanguage\":\"en-US\"},{\"@type\":\"WebPage\",\"@id\":\"https:\/\/dev.scahockey.com\/index.php\/calendrier-et-resultats\/#webpage\",\"url\":\"https:\/\/dev.scahockey.com\/index.php\/calendrier-et-resultats\/\",\"name\":\"Calendrier et r\u00e9sultats - SCA Hockey Abbeville\",\"isPartOf\":{\"@id\":\"https:\/\/dev.scahockey.com\/#website\"},\"datePublished\":\"2022-02-01T08:58:42+00:00\",\"dateModified\":\"2022-03-10T17:02:59+00:00\",\"breadcrumb\":{\"@id\":\"https:\/\/dev.scahockey.com\/index.php\/calendrier-et-resultats\/#breadcrumb\"},\"inLanguage\":\"en-US\",\"potentialAction\":[{\"@type\":\"ReadAction\",\"target\":[\"https:\/\/dev.scahockey.com\/index.php\/calendrier-et-resultats\/\"]}]},{\"@type\":\"BreadcrumbList\",\"@id\":\"https:\/\/dev.scahockey.com\/index.php\/calendrier-et-resultats\/#breadcrumb\",\"itemListElement\":[{\"@type\":\"ListItem\",\"position\":1,\"name\":\"Accueil\",\"item\":\"https:\/\/dev.scahockey.com\/\"},{\"@type\":\"ListItem\",\"position\":2,\"name\":\"Calendrier et r\u00e9sultats\"}]}]}<\/script>\n<!-- \/ Yoast SEO plugin. -->","yoast_head_json":{"title":"Calendrier et r\u00e9sultats - SCA Hockey Abbeville","robots":{"index":"noindex","follow":"follow","max-snippet":"max-snippet:-1","max-image-preview":"max-image-preview:large","max-video-preview":"max-video-preview:-1"},"og_locale":"en_US","og_type":"article","og_title":"Calendrier et r\u00e9sultats - SCA Hockey Abbeville","og_description":"Pour t\u00e9l\u00e9charger le calendrier 2021\/2022, cliquez sur le bouton ci-dessousRecherchez les r\u00e9sultats du club\u00a0\u00a0","og_url":"https:\/\/dev.scahockey.com\/index.php\/calendrier-et-resultats\/","og_site_name":"SCA Hockey Abbeville","article_modified_time":"2022-03-10T17:02:59+00:00","twitter_card":"summary_large_image","schema":{"@context":"https:\/\/schema.org","@graph":[{"@type":"WebSite","@id":"https:\/\/dev.scahockey.com\/#website","url":"https:\/\/dev.scahockey.com\/","name":"SCA Hockey Abbeville","description":"De la tenue, de la dignit\u00e9, de la correction","potentialAction":[{"@type":"SearchAction","target":{"@type":"EntryPoint","urlTemplate":"https:\/\/dev.scahockey.com\/?s={search_term_string}"},"query-input":"required name=search_term_string"}],"inLanguage":"en-US"},{"@type":"WebPage","@id":"https:\/\/dev.scahockey.com\/index.php\/calendrier-et-resultats\/#webpage","url":"https:\/\/dev.scahockey.com\/index.php\/calendrier-et-resultats\/","name":"Calendrier et r\u00e9sultats - SCA Hockey Abbeville","isPartOf":{"@id":"https:\/\/dev.scahockey.com\/#website"},"datePublished":"2022-02-01T08:58:42+00:00","dateModified":"2022-03-10T17:02:59+00:00","breadcrumb":{"@id":"https:\/\/dev.scahockey.com\/index.php\/calendrier-et-resultats\/#breadcrumb"},"inLanguage":"en-US","potentialAction":[{"@type":"ReadAction","target":["https:\/\/dev.scahockey.com\/index.php\/calendrier-et-resultats\/"]}]},{"@type":"BreadcrumbList","@id":"https:\/\/dev.scahockey.com\/index.php\/calendrier-et-resultats\/#breadcrumb","itemListElement":[{"@type":"ListItem","position":1,"name":"Accueil","item":"https:\/\/dev.scahockey.com\/"},{"@type":"ListItem","position":2,"name":"Calendrier et r\u00e9sultats"}]}]}},"_links":{"self":[{"href":"https:\/\/dev.scahockey.com\/index.php\/wp-json\/wp\/v2\/pages\/185","targetHints":{"allow":["GET"]}}],"collection":[{"href":"https:\/\/dev.scahockey.com\/index.php\/wp-json\/wp\/v2\/pages"}],"about":[{"href":"https:\/\/dev.scahockey.com\/index.php\/wp-json\/wp\/v2\/types\/page"}],"author":[{"embeddable":true,"href":"https:\/\/dev.scahockey.com\/index.php\/wp-json\/wp\/v2\/users\/1"}],"replies":[{"embeddable":true,"href":"https:\/\/dev.scahockey.com\/index.php\/wp-json\/wp\/v2\/comments?post=185"}],"version-history":[{"count":29,"href":"https:\/\/dev.scahockey.com\/index.php\/wp-json\/wp\/v2\/pages\/185\/revisions"}],"predecessor-version":[{"id":957,"href":"https:\/\/dev.scahockey.com\/index.php\/wp-json\/wp\/v2\/pages\/185\/revisions\/957"}],"wp:attachment":[{"href":"https:\/\/dev.scahockey.com\/index.php\/wp-json\/wp\/v2\/media?parent=185"}],"curies":[{"name":"wp","href":"https:\/\/api.w.org\/{rel}","templated":true}]}}