{"id":3,"date":"2022-01-31T12:42:39","date_gmt":"2022-01-31T11:42:39","guid":{"rendered":"http:\/\/dev.scahockey.com\/?page_id=3"},"modified":"2022-02-03T12:17:34","modified_gmt":"2022-02-03T11:17:34","slug":"politique-de-confidentialite","status":"publish","type":"page","link":"https:\/\/dev.scahockey.com\/index.php\/politique-de-confidentialite\/","title":{"rendered":"Politique de confidentialit\u00e9"},"content":{"rendered":"<p>[et_pb_section fb_built=&#8221;1&#8243; _builder_version=&#8221;4.13.0&#8243; _module_preset=&#8221;default&#8221; background_color=&#8221;#f2f2f2&#8243; custom_padding=&#8221;||125px|||&#8221; global_colors_info=&#8221;{}&#8221; theme_builder_area=&#8221;post_content&#8221;][et_pb_row _builder_version=&#8221;4.13.0&#8243; _module_preset=&#8221;default&#8221; global_colors_info=&#8221;{}&#8221; theme_builder_area=&#8221;post_content&#8221;][et_pb_column type=&#8221;4_4&#8243; _builder_version=&#8221;4.13.0&#8243; _module_preset=&#8221;default&#8221; global_colors_info=&#8221;{}&#8221; theme_builder_area=&#8221;post_content&#8221;][et_pb_text _builder_version=&#8221;4.13.0&#8243; _module_preset=&#8221;default&#8221; text_orientation=&#8221;center&#8221; custom_padding=&#8221;0px|||||&#8221; hover_enabled=&#8221;0&#8243; global_colors_info=&#8221;{}&#8221; theme_builder_area=&#8221;post_content&#8221; sticky_enabled=&#8221;0&#8243;]<\/p>\n<h1>Politique de confidentialit\u00e9 <\/h1>\n<p>[\/et_pb_text][et_pb_text _builder_version=&#8221;4.13.0&#8243; _module_preset=&#8221;default&#8221; hover_enabled=&#8221;0&#8243; global_colors_info=&#8221;{}&#8221; theme_builder_area=&#8221;post_content&#8221; sticky_enabled=&#8221;0&#8243;]Ce site utilise Google Analytics, un service d\u2019analyse web fourni par Google Ireland Limited. Si l\u2019organe responsable du traitement des donn\u00e9es recueillies par ce site est bas\u00e9 hors de l\u2019Espace \u00e9conomique europ\u00e9en et de la Suisse, alors le traitement des donn\u00e9es associ\u00e9es \u00e0 Google Analytics sera effectu\u00e9 par Google LLC (dont le si\u00e8ge est aux \u00c9tats-Unis). Google Ireland Limited et Google LLC sont d\u00e9nomm\u00e9s ci-apr\u00e8s \u00ab Google \u00bb.<\/span><\/p>\n<p><span>Google Analytics utilise des \u00ab cookies \u00bb, des fichiers textes enregistr\u00e9s sur l\u2019ordinateur du visiteur du site, pour permettre l\u2019analyse de l\u2019utilisation du site par ce dernier. Les informations g\u00e9n\u00e9r\u00e9es par le cookie (y compris l\u2019adresse IP tronqu\u00e9e) sur l\u2019utilisation du site web sont g\u00e9n\u00e9ralement transmises \u00e0 et stock\u00e9es par Google.<\/span><span><\/span><\/p>\n<p><span>Google Analytics est utilis\u00e9 exclusivement avec l&#8217;extension \u00ab _anonymizeIp () \u00bb sur ce site. L\u2019extension garantit une anonymisation de l\u2019adresse IP par troncature et exclut de ce fait toute r\u00e9f\u00e9rence personnelle directe. Via cette extension, Google tronque l\u2019adresse IP du visiteur du site situ\u00e9 dans un \u00c9tat membre de l\u2019Union europ\u00e9enne ou dans un autre \u00c9tat parti \u00e0 l\u2019accord sur l\u2019Espace \u00e9conomique europ\u00e9en. L\u2019adresse IP compl\u00e8te du visiteur du site ne sera transmise aux serveurs de Google et tronqu\u00e9e aux Etats-Unis que dans des situations exceptionnelles. L\u2019adresse IP, qui est fournie par le navigateur du visiteur du site utilisant Google Analytics, ne sera pas recoup\u00e9e par Google avec d\u2019autres donn\u00e9es de Google.<\/span><\/p>\n<p><span>Au nom de l\u2019op\u00e9rateur du site, Google utilisera les informations collect\u00e9es pour \u00e9valuer l\u2019utilisation du site, compiler des rapports sur l\u2019activit\u00e9 du site et fournir d\u2019autres services li\u00e9s au site web et \u00e0 internet \u00e0 l\u2019op\u00e9rateur du site (art. 6, 1. f, RGPD). L\u2019int\u00e9r\u00eat l\u00e9gitime dans le traitement des donn\u00e9es se trouve dans l&#8217;optimisation de ce site, l\u2019analyse de l\u2019utilisation du site et l&#8217;adaptation du contenu. L\u2019int\u00e9r\u00eat des utilisateurs est ad\u00e9quatement prot\u00e9g\u00e9 par la pseudonymisation de leurs donn\u00e9es.<\/span><\/p>\n<p><span>Google LLC garantit un niveau de protection ad\u00e9quat des donn\u00e9es sur la base de clauses contractuelles types europ\u00e9ennes. Les donn\u00e9es envoy\u00e9es et coupl\u00e9es aux cookies de Google Analytics, comme l&#8217;ID de l\u2019utilisateur ou les ID publicitaires, seront automatiquement effac\u00e9s apr\u00e8s 50 mois. La suppression des donn\u00e9es qui ont atteint la date limite de conservation est effectu\u00e9e automatiquement une fois par mois.<\/span><\/p>\n<p><span>Le visiteur du site peut refuser l\u2019utilisation de cookies en s\u00e9lectionnant le r\u00e9glage appropri\u00e9 dans le navigateur. Le visiteur du site peut aussi emp\u00eacher Google de recueillir des informations (y compris l\u2019adresse IP) via les cookies et de traiter ces informations en t\u00e9l\u00e9chargeant et installant ce plug-in dans son navigateur :\u00a0<\/span><a href=\"https:\/\/tools.google.com\/dlpage\/gaoptout\" target=\"_blank\" rel=\"noopener\">https:\/\/tools.google.com\/dlpage\/gaoptout<\/a><span>.<\/span><\/p>\n<p><span class=\"jtpl-ga-opt-out-text \">Le visiteur du site peut emp\u00eacher la collecte des donn\u00e9es par Google Analytics en cliquant sur ce<span>\u00a0<\/span><a class=\"ga-opt-out-link\">lien<\/a>. Un &#8220;cookie d&#8217;opt-out&#8221; sera alors plac\u00e9 et permettra au visiteur du site de ne pas \u00eatre track\u00e9 durant sa navigation du site.<\/span><\/p>\n<p><span>Pour plus d\u2019informations sur le traitement et l\u2019utilisation des donn\u00e9es par Google, les param\u00e9trages et les possibilit\u00e9s de d\u00e9sactivation, veuillez consulter la politique de confidentialit\u00e9 de Google (<\/span><a href=\"https:\/\/policies.google.com\/privacy\" target=\"_blank\" rel=\"noopener\">https:\/\/policies.google.com\/privacy<\/a><span>) ainsi que les param\u00e8tres de Google Ads (<\/span><a href=\"https:\/\/adssettings.google.com\/authenticated\" target=\"_blank\" rel=\"noopener\">https:\/\/adssettings.google.com\/authenticated<\/a><span>).<\/span>[\/et_pb_text][\/et_pb_column][\/et_pb_row][\/et_pb_section]<\/p>\n","protected":false},"excerpt":{"rendered":"<p>Politique de confidentialit\u00e9 Ce site utilise Google Analytics, un service d\u2019analyse web fourni par Google Ireland Limited. Si l\u2019organe responsable du traitement des donn\u00e9es recueillies par ce site est bas\u00e9 hors de l\u2019Espace \u00e9conomique europ\u00e9en et de la Suisse, alors le traitement des donn\u00e9es associ\u00e9es \u00e0 Google Analytics sera effectu\u00e9 par Google LLC (dont le [&hellip;]<\/p>\n","protected":false},"author":1,"featured_media":0,"parent":0,"menu_order":0,"comment_status":"closed","ping_status":"closed","template":"","meta":{"_et_pb_use_builder":"on","_et_pb_old_content":"<!-- wp:heading --><h2>Qui sommes-nous\u00a0?<\/h2><!-- \/wp:heading --><!-- wp:paragraph --><p><strong class=\"privacy-policy-tutorial\">Texte sugg\u00e9r\u00e9\u00a0: <\/strong>L\u2019adresse de notre site est\u00a0: https:\/\/dev.scahockey.com.<\/p><!-- \/wp:paragraph --><!-- wp:heading --><h2>Commentaires<\/h2><!-- \/wp:heading --><!-- wp:paragraph --><p><strong class=\"privacy-policy-tutorial\">Texte sugg\u00e9r\u00e9\u00a0: <\/strong>Quand vous laissez un commentaire sur notre site, les donn\u00e9es inscrites dans le formulaire de commentaire, mais aussi votre adresse IP et l\u2019agent utilisateur de votre navigateur sont collect\u00e9s pour nous aider \u00e0 la d\u00e9tection des commentaires ind\u00e9sirables.<\/p><!-- \/wp:paragraph --><!-- wp:paragraph --><p>Une cha\u00eene anonymis\u00e9e cr\u00e9\u00e9e \u00e0 partir de votre adresse e-mail (\u00e9galement appel\u00e9e hash) peut \u00eatre envoy\u00e9e au service Gravatar pour v\u00e9rifier si vous utilisez ce dernier. Les clauses de confidentialit\u00e9 du service Gravatar sont disponibles ici\u00a0: https:\/\/automattic.com\/privacy\/. Apr\u00e8s validation de votre commentaire, votre photo de profil sera visible publiquement \u00e0 cot\u00e9 de votre commentaire.<\/p><!-- \/wp:paragraph --><!-- wp:heading --><h2>M\u00e9dias<\/h2><!-- \/wp:heading --><!-- wp:paragraph --><p><strong class=\"privacy-policy-tutorial\">Texte sugg\u00e9r\u00e9\u00a0: <\/strong>Si vous t\u00e9l\u00e9versez des images sur le site, nous vous conseillons d\u2019\u00e9viter de t\u00e9l\u00e9verser des images contenant des donn\u00e9es EXIF de coordonn\u00e9es GPS. Les personnes visitant votre site peuvent t\u00e9l\u00e9charger et extraire des donn\u00e9es de localisation depuis ces images.<\/p><!-- \/wp:paragraph --><!-- wp:heading --><h2>Cookies<\/h2><!-- \/wp:heading --><!-- wp:paragraph --><p><strong class=\"privacy-policy-tutorial\">Texte sugg\u00e9r\u00e9\u00a0: <\/strong>Si vous d\u00e9posez un commentaire sur notre site, il vous sera propos\u00e9 d\u2019enregistrer votre nom, adresse e-mail et site dans des cookies. C\u2019est uniquement pour votre confort afin de ne pas avoir \u00e0 saisir ces informations si vous d\u00e9posez un autre commentaire plus tard. Ces cookies expirent au bout d\u2019un an.<\/p><!-- \/wp:paragraph --><!-- wp:paragraph --><p>Si vous vous rendez sur la page de connexion, un cookie temporaire sera cr\u00e9\u00e9 afin de d\u00e9terminer si votre navigateur accepte les cookies. Il ne contient pas de donn\u00e9es personnelles et sera supprim\u00e9 automatiquement \u00e0 la fermeture de votre navigateur.<\/p><!-- \/wp:paragraph --><!-- wp:paragraph --><p>Lorsque vous vous connecterez, nous mettrons en place un certain nombre de cookies pour enregistrer vos informations de connexion et vos pr\u00e9f\u00e9rences d\u2019\u00e9cran. La dur\u00e9e de vie d\u2019un cookie de connexion est de deux jours, celle d\u2019un cookie d\u2019option d\u2019\u00e9cran est d\u2019un an. Si vous cochez \u00ab\u00a0Se souvenir de moi\u00a0\u00bb, votre cookie de connexion sera conserv\u00e9 pendant deux semaines. Si vous vous d\u00e9connectez de votre compte, le cookie de connexion sera effac\u00e9.<\/p><!-- \/wp:paragraph --><!-- wp:paragraph --><p>En modifiant ou en publiant une publication, un cookie suppl\u00e9mentaire sera enregistr\u00e9 dans votre navigateur. Ce cookie ne comprend aucune donn\u00e9e personnelle. Il indique simplement l\u2019ID de la publication que vous venez de modifier. Il expire au bout d\u2019un jour.<\/p><!-- \/wp:paragraph --><!-- wp:heading --><h2>Contenu embarqu\u00e9 depuis d\u2019autres sites<\/h2><!-- \/wp:heading --><!-- wp:paragraph --><p><strong class=\"privacy-policy-tutorial\">Texte sugg\u00e9r\u00e9\u00a0: <\/strong>Les articles de ce site peuvent inclure des contenus int\u00e9gr\u00e9s (par exemple des vid\u00e9os, images, articles\u2026). Le contenu int\u00e9gr\u00e9 depuis d\u2019autres sites se comporte de la m\u00eame mani\u00e8re que si le visiteur se rendait sur cet autre site.<\/p><!-- \/wp:paragraph --><!-- wp:paragraph --><p>Ces sites web pourraient collecter des donn\u00e9es sur vous, utiliser des cookies, embarquer des outils de suivis tiers, suivre vos interactions avec ces contenus embarqu\u00e9s si vous disposez d\u2019un compte connect\u00e9 sur leur site web.<\/p><!-- \/wp:paragraph --><!-- wp:heading --><h2>Utilisation et transmission de vos donn\u00e9es personnelles<\/h2><!-- \/wp:heading --><!-- wp:paragraph --><p><strong class=\"privacy-policy-tutorial\">Texte sugg\u00e9r\u00e9\u00a0: <\/strong>Si vous demandez une r\u00e9initialisation de votre mot de passe, votre adresse IP sera incluse dans l\u2019e-mail de r\u00e9initialisation.<\/p><!-- \/wp:paragraph --><!-- wp:heading --><h2>Dur\u00e9es de stockage de vos donn\u00e9es<\/h2><!-- \/wp:heading --><!-- wp:paragraph --><p><strong class=\"privacy-policy-tutorial\">Texte sugg\u00e9r\u00e9\u00a0: <\/strong>Si vous laissez un commentaire, le commentaire et ses m\u00e9tadonn\u00e9es sont conserv\u00e9s ind\u00e9finiment. Cela permet de reconna\u00eetre et approuver automatiquement les commentaires suivants au lieu de les laisser dans la file de mod\u00e9ration.<\/p><!-- \/wp:paragraph --><!-- wp:paragraph --><p>Pour les comptes qui s\u2019inscrivent sur notre site (le cas \u00e9ch\u00e9ant), nous stockons \u00e9galement les donn\u00e9es personnelles indiqu\u00e9es dans leur profil. Tous les comptes peuvent voir, modifier ou supprimer leurs informations personnelles \u00e0 tout moment (\u00e0 l\u2019exception de leur identifiant). Les gestionnaires du site peuvent aussi voir et modifier ces informations.<\/p><!-- \/wp:paragraph --><!-- wp:heading --><h2>Les droits que vous avez sur vos donn\u00e9es<\/h2><!-- \/wp:heading --><!-- wp:paragraph --><p><strong class=\"privacy-policy-tutorial\">Texte sugg\u00e9r\u00e9\u00a0: <\/strong>Si vous avez un compte ou si vous avez laiss\u00e9 des commentaires sur le site, vous pouvez demander \u00e0 recevoir un fichier contenant toutes les donn\u00e9es personnelles que nous poss\u00e9dons \u00e0 votre sujet, incluant celles que vous nous avez fournies. Vous pouvez \u00e9galement demander la suppression des donn\u00e9es personnelles vous concernant. Cela ne prend pas en compte les donn\u00e9es stock\u00e9es \u00e0 des fins administratives, l\u00e9gales ou pour des raisons de s\u00e9curit\u00e9.<\/p><!-- \/wp:paragraph --><!-- wp:heading --><h2>Transmission de vos donn\u00e9es personnelles<\/h2><!-- \/wp:heading --><!-- wp:paragraph --><p><strong class=\"privacy-policy-tutorial\">Texte sugg\u00e9r\u00e9\u00a0: <\/strong>Les commentaires des visiteurs peuvent \u00eatre v\u00e9rifi\u00e9s \u00e0 l\u2019aide d\u2019un service automatis\u00e9 de d\u00e9tection des commentaires ind\u00e9sirables.<\/p><!-- \/wp:paragraph -->","_et_gb_content_width":"","inline_featured_image":false,"footnotes":""},"class_list":["post-3","page","type-page","status-publish","hentry"],"yoast_head":"<!-- This site is optimized with the Yoast SEO plugin v18.4.1 - https:\/\/yoast.com\/wordpress\/plugins\/seo\/ -->\n<title>Politique de confidentialit\u00e9 - SCA Hockey Abbeville<\/title>\n<meta name=\"robots\" content=\"noindex, follow, max-snippet:-1, max-image-preview:large, max-video-preview:-1\" \/>\n<meta property=\"og:locale\" content=\"en_US\" \/>\n<meta property=\"og:type\" content=\"article\" \/>\n<meta property=\"og:title\" content=\"Politique de confidentialit\u00e9 - SCA Hockey Abbeville\" \/>\n<meta property=\"og:description\" content=\"Politique de confidentialit\u00e9 Ce site utilise Google Analytics, un service d\u2019analyse web fourni par Google Ireland Limited. Si l\u2019organe responsable du traitement des donn\u00e9es recueillies par ce site est bas\u00e9 hors de l\u2019Espace \u00e9conomique europ\u00e9en et de la Suisse, alors le traitement des donn\u00e9es associ\u00e9es \u00e0 Google Analytics sera effectu\u00e9 par Google LLC (dont le [&hellip;]\" \/>\n<meta property=\"og:url\" content=\"https:\/\/dev.scahockey.com\/index.php\/politique-de-confidentialite\/\" \/>\n<meta property=\"og:site_name\" content=\"SCA Hockey Abbeville\" \/>\n<meta property=\"article:modified_time\" content=\"2022-02-03T11:17:34+00:00\" \/>\n<meta name=\"twitter:card\" content=\"summary_large_image\" \/>\n<meta name=\"twitter:label1\" content=\"Est. reading time\" \/>\n\t<meta name=\"twitter:data1\" content=\"4 minutes\" \/>\n<script type=\"application\/ld+json\" class=\"yoast-schema-graph\">{\"@context\":\"https:\/\/schema.org\",\"@graph\":[{\"@type\":\"WebSite\",\"@id\":\"https:\/\/dev.scahockey.com\/#website\",\"url\":\"https:\/\/dev.scahockey.com\/\",\"name\":\"SCA Hockey Abbeville\",\"description\":\"De la tenue, de la dignit\u00e9, de la correction\",\"potentialAction\":[{\"@type\":\"SearchAction\",\"target\":{\"@type\":\"EntryPoint\",\"urlTemplate\":\"https:\/\/dev.scahockey.com\/?s={search_term_string}\"},\"query-input\":\"required name=search_term_string\"}],\"inLanguage\":\"en-US\"},{\"@type\":\"WebPage\",\"@id\":\"https:\/\/dev.scahockey.com\/index.php\/politique-de-confidentialite\/#webpage\",\"url\":\"https:\/\/dev.scahockey.com\/index.php\/politique-de-confidentialite\/\",\"name\":\"Politique de confidentialit\u00e9 - SCA Hockey Abbeville\",\"isPartOf\":{\"@id\":\"https:\/\/dev.scahockey.com\/#website\"},\"datePublished\":\"2022-01-31T11:42:39+00:00\",\"dateModified\":\"2022-02-03T11:17:34+00:00\",\"breadcrumb\":{\"@id\":\"https:\/\/dev.scahockey.com\/index.php\/politique-de-confidentialite\/#breadcrumb\"},\"inLanguage\":\"en-US\",\"potentialAction\":[{\"@type\":\"ReadAction\",\"target\":[\"https:\/\/dev.scahockey.com\/index.php\/politique-de-confidentialite\/\"]}]},{\"@type\":\"BreadcrumbList\",\"@id\":\"https:\/\/dev.scahockey.com\/index.php\/politique-de-confidentialite\/#breadcrumb\",\"itemListElement\":[{\"@type\":\"ListItem\",\"position\":1,\"name\":\"Accueil\",\"item\":\"https:\/\/dev.scahockey.com\/\"},{\"@type\":\"ListItem\",\"position\":2,\"name\":\"Politique de confidentialit\u00e9\"}]}]}<\/script>\n<!-- \/ Yoast SEO plugin. -->","yoast_head_json":{"title":"Politique de confidentialit\u00e9 - SCA Hockey Abbeville","robots":{"index":"noindex","follow":"follow","max-snippet":"max-snippet:-1","max-image-preview":"max-image-preview:large","max-video-preview":"max-video-preview:-1"},"og_locale":"en_US","og_type":"article","og_title":"Politique de confidentialit\u00e9 - SCA Hockey Abbeville","og_description":"Politique de confidentialit\u00e9 Ce site utilise Google Analytics, un service d\u2019analyse web fourni par Google Ireland Limited. Si l\u2019organe responsable du traitement des donn\u00e9es recueillies par ce site est bas\u00e9 hors de l\u2019Espace \u00e9conomique europ\u00e9en et de la Suisse, alors le traitement des donn\u00e9es associ\u00e9es \u00e0 Google Analytics sera effectu\u00e9 par Google LLC (dont le [&hellip;]","og_url":"https:\/\/dev.scahockey.com\/index.php\/politique-de-confidentialite\/","og_site_name":"SCA Hockey Abbeville","article_modified_time":"2022-02-03T11:17:34+00:00","twitter_card":"summary_large_image","twitter_misc":{"Est. reading time":"4 minutes"},"schema":{"@context":"https:\/\/schema.org","@graph":[{"@type":"WebSite","@id":"https:\/\/dev.scahockey.com\/#website","url":"https:\/\/dev.scahockey.com\/","name":"SCA Hockey Abbeville","description":"De la tenue, de la dignit\u00e9, de la correction","potentialAction":[{"@type":"SearchAction","target":{"@type":"EntryPoint","urlTemplate":"https:\/\/dev.scahockey.com\/?s={search_term_string}"},"query-input":"required name=search_term_string"}],"inLanguage":"en-US"},{"@type":"WebPage","@id":"https:\/\/dev.scahockey.com\/index.php\/politique-de-confidentialite\/#webpage","url":"https:\/\/dev.scahockey.com\/index.php\/politique-de-confidentialite\/","name":"Politique de confidentialit\u00e9 - SCA Hockey Abbeville","isPartOf":{"@id":"https:\/\/dev.scahockey.com\/#website"},"datePublished":"2022-01-31T11:42:39+00:00","dateModified":"2022-02-03T11:17:34+00:00","breadcrumb":{"@id":"https:\/\/dev.scahockey.com\/index.php\/politique-de-confidentialite\/#breadcrumb"},"inLanguage":"en-US","potentialAction":[{"@type":"ReadAction","target":["https:\/\/dev.scahockey.com\/index.php\/politique-de-confidentialite\/"]}]},{"@type":"BreadcrumbList","@id":"https:\/\/dev.scahockey.com\/index.php\/politique-de-confidentialite\/#breadcrumb","itemListElement":[{"@type":"ListItem","position":1,"name":"Accueil","item":"https:\/\/dev.scahockey.com\/"},{"@type":"ListItem","position":2,"name":"Politique de confidentialit\u00e9"}]}]}},"_links":{"self":[{"href":"https:\/\/dev.scahockey.com\/index.php\/wp-json\/wp\/v2\/pages\/3","targetHints":{"allow":["GET"]}}],"collection":[{"href":"https:\/\/dev.scahockey.com\/index.php\/wp-json\/wp\/v2\/pages"}],"about":[{"href":"https:\/\/dev.scahockey.com\/index.php\/wp-json\/wp\/v2\/types\/page"}],"author":[{"embeddable":true,"href":"https:\/\/dev.scahockey.com\/index.php\/wp-json\/wp\/v2\/users\/1"}],"replies":[{"embeddable":true,"href":"https:\/\/dev.scahockey.com\/index.php\/wp-json\/wp\/v2\/comments?post=3"}],"version-history":[{"count":2,"href":"https:\/\/dev.scahockey.com\/index.php\/wp-json\/wp\/v2\/pages\/3\/revisions"}],"predecessor-version":[{"id":479,"href":"https:\/\/dev.scahockey.com\/index.php\/wp-json\/wp\/v2\/pages\/3\/revisions\/479"}],"wp:attachment":[{"href":"https:\/\/dev.scahockey.com\/index.php\/wp-json\/wp\/v2\/media?parent=3"}],"curies":[{"name":"wp","href":"https:\/\/api.w.org\/{rel}","templated":true}]}}