{"id":468,"date":"2022-02-03T12:05:14","date_gmt":"2022-02-03T11:05:14","guid":{"rendered":"https:\/\/dev.scahockey.com\/?page_id=468"},"modified":"2022-02-03T12:10:58","modified_gmt":"2022-02-03T11:10:58","slug":"mentions-legales","status":"publish","type":"page","link":"https:\/\/dev.scahockey.com\/index.php\/mentions-legales\/","title":{"rendered":"Mentions l\u00e9gales"},"content":{"rendered":"<p>[et_pb_section fb_built=&#8221;1&#8243; _builder_version=&#8221;4.13.0&#8243; _module_preset=&#8221;default&#8221; background_color=&#8221;#f2f2f2&#8243; custom_padding=&#8221;||125px|||&#8221; global_colors_info=&#8221;{}&#8221;][et_pb_row _builder_version=&#8221;4.13.0&#8243; _module_preset=&#8221;default&#8221; global_colors_info=&#8221;{}&#8221;][et_pb_column type=&#8221;4_4&#8243; _builder_version=&#8221;4.13.0&#8243; _module_preset=&#8221;default&#8221; global_colors_info=&#8221;{}&#8221;][et_pb_text _builder_version=&#8221;4.13.0&#8243; _module_preset=&#8221;default&#8221; text_orientation=&#8221;center&#8221; custom_padding=&#8221;0px|||||&#8221; global_colors_info=&#8221;{}&#8221;]<\/p>\n<h1>Mentions l\u00e9gales<\/h1>\n<h1><\/h1>\n<p>[\/et_pb_text][et_pb_text _builder_version=&#8221;4.13.0&#8243; _module_preset=&#8221;default&#8221; global_colors_info=&#8221;{}&#8221;]Editeur de site : SARL Chaleco<\/p>\n<p>Si\u00e8ge social : 131 Rue Armand Silvestre 92400 Courbevoie<\/p>\n<p>RCS de Nanterre : 902331529<\/p>\n<p>H\u00e9bergement : OVH SAS 2 rue Kellermann \u2013 BP 80157 59053 Roubaix Cedex 1[\/et_pb_text][\/et_pb_column][\/et_pb_row][\/et_pb_section]<\/p>\n","protected":false},"excerpt":{"rendered":"<p>Mentions l\u00e9gales Editeur de site : SARL Chaleco Si\u00e8ge social : 131 Rue Armand Silvestre 92400 Courbevoie RCS de Nanterre : 902331529 H\u00e9bergement : OVH SAS 2 rue Kellermann \u2013 BP 80157 59053 Roubaix Cedex 1<\/p>\n","protected":false},"author":1,"featured_media":0,"parent":0,"menu_order":0,"comment_status":"closed","ping_status":"closed","template":"","meta":{"_et_pb_use_builder":"on","_et_pb_old_content":"","_et_gb_content_width":"","inline_featured_image":false,"footnotes":""},"class_list":["post-468","page","type-page","status-publish","hentry"],"yoast_head":"<!-- This site is optimized with the Yoast SEO plugin v18.4.1 - https:\/\/yoast.com\/wordpress\/plugins\/seo\/ -->\n<title>Mentions l\u00e9gales - SCA Hockey Abbeville<\/title>\n<meta name=\"robots\" content=\"noindex, follow, max-snippet:-1, max-image-preview:large, max-video-preview:-1\" \/>\n<meta property=\"og:locale\" content=\"en_US\" \/>\n<meta property=\"og:type\" content=\"article\" \/>\n<meta property=\"og:title\" content=\"Mentions l\u00e9gales - SCA Hockey Abbeville\" \/>\n<meta property=\"og:description\" content=\"Mentions l\u00e9gales Editeur de site : SARL Chaleco Si\u00e8ge social : 131 Rue Armand Silvestre 92400 Courbevoie RCS de Nanterre : 902331529 H\u00e9bergement : OVH SAS 2 rue Kellermann \u2013 BP 80157 59053 Roubaix Cedex 1\" \/>\n<meta property=\"og:url\" content=\"https:\/\/dev.scahockey.com\/index.php\/mentions-legales\/\" \/>\n<meta property=\"og:site_name\" content=\"SCA Hockey Abbeville\" \/>\n<meta property=\"article:modified_time\" content=\"2022-02-03T11:10:58+00:00\" \/>\n<meta name=\"twitter:card\" content=\"summary_large_image\" \/>\n<script type=\"application\/ld+json\" class=\"yoast-schema-graph\">{\"@context\":\"https:\/\/schema.org\",\"@graph\":[{\"@type\":\"WebSite\",\"@id\":\"https:\/\/dev.scahockey.com\/#website\",\"url\":\"https:\/\/dev.scahockey.com\/\",\"name\":\"SCA Hockey Abbeville\",\"description\":\"De la tenue, de la dignit\u00e9, de la correction\",\"potentialAction\":[{\"@type\":\"SearchAction\",\"target\":{\"@type\":\"EntryPoint\",\"urlTemplate\":\"https:\/\/dev.scahockey.com\/?s={search_term_string}\"},\"query-input\":\"required name=search_term_string\"}],\"inLanguage\":\"en-US\"},{\"@type\":\"WebPage\",\"@id\":\"https:\/\/dev.scahockey.com\/index.php\/mentions-legales\/#webpage\",\"url\":\"https:\/\/dev.scahockey.com\/index.php\/mentions-legales\/\",\"name\":\"Mentions l\u00e9gales - SCA Hockey Abbeville\",\"isPartOf\":{\"@id\":\"https:\/\/dev.scahockey.com\/#website\"},\"datePublished\":\"2022-02-03T11:05:14+00:00\",\"dateModified\":\"2022-02-03T11:10:58+00:00\",\"breadcrumb\":{\"@id\":\"https:\/\/dev.scahockey.com\/index.php\/mentions-legales\/#breadcrumb\"},\"inLanguage\":\"en-US\",\"potentialAction\":[{\"@type\":\"ReadAction\",\"target\":[\"https:\/\/dev.scahockey.com\/index.php\/mentions-legales\/\"]}]},{\"@type\":\"BreadcrumbList\",\"@id\":\"https:\/\/dev.scahockey.com\/index.php\/mentions-legales\/#breadcrumb\",\"itemListElement\":[{\"@type\":\"ListItem\",\"position\":1,\"name\":\"Accueil\",\"item\":\"https:\/\/dev.scahockey.com\/\"},{\"@type\":\"ListItem\",\"position\":2,\"name\":\"Mentions l\u00e9gales\"}]}]}<\/script>\n<!-- \/ Yoast SEO plugin. -->","yoast_head_json":{"title":"Mentions l\u00e9gales - SCA Hockey Abbeville","robots":{"index":"noindex","follow":"follow","max-snippet":"max-snippet:-1","max-image-preview":"max-image-preview:large","max-video-preview":"max-video-preview:-1"},"og_locale":"en_US","og_type":"article","og_title":"Mentions l\u00e9gales - SCA Hockey Abbeville","og_description":"Mentions l\u00e9gales Editeur de site : SARL Chaleco Si\u00e8ge social : 131 Rue Armand Silvestre 92400 Courbevoie RCS de Nanterre : 902331529 H\u00e9bergement : OVH SAS 2 rue Kellermann \u2013 BP 80157 59053 Roubaix Cedex 1","og_url":"https:\/\/dev.scahockey.com\/index.php\/mentions-legales\/","og_site_name":"SCA Hockey Abbeville","article_modified_time":"2022-02-03T11:10:58+00:00","twitter_card":"summary_large_image","schema":{"@context":"https:\/\/schema.org","@graph":[{"@type":"WebSite","@id":"https:\/\/dev.scahockey.com\/#website","url":"https:\/\/dev.scahockey.com\/","name":"SCA Hockey Abbeville","description":"De la tenue, de la dignit\u00e9, de la correction","potentialAction":[{"@type":"SearchAction","target":{"@type":"EntryPoint","urlTemplate":"https:\/\/dev.scahockey.com\/?s={search_term_string}"},"query-input":"required name=search_term_string"}],"inLanguage":"en-US"},{"@type":"WebPage","@id":"https:\/\/dev.scahockey.com\/index.php\/mentions-legales\/#webpage","url":"https:\/\/dev.scahockey.com\/index.php\/mentions-legales\/","name":"Mentions l\u00e9gales - SCA Hockey Abbeville","isPartOf":{"@id":"https:\/\/dev.scahockey.com\/#website"},"datePublished":"2022-02-03T11:05:14+00:00","dateModified":"2022-02-03T11:10:58+00:00","breadcrumb":{"@id":"https:\/\/dev.scahockey.com\/index.php\/mentions-legales\/#breadcrumb"},"inLanguage":"en-US","potentialAction":[{"@type":"ReadAction","target":["https:\/\/dev.scahockey.com\/index.php\/mentions-legales\/"]}]},{"@type":"BreadcrumbList","@id":"https:\/\/dev.scahockey.com\/index.php\/mentions-legales\/#breadcrumb","itemListElement":[{"@type":"ListItem","position":1,"name":"Accueil","item":"https:\/\/dev.scahockey.com\/"},{"@type":"ListItem","position":2,"name":"Mentions l\u00e9gales"}]}]}},"_links":{"self":[{"href":"https:\/\/dev.scahockey.com\/index.php\/wp-json\/wp\/v2\/pages\/468","targetHints":{"allow":["GET"]}}],"collection":[{"href":"https:\/\/dev.scahockey.com\/index.php\/wp-json\/wp\/v2\/pages"}],"about":[{"href":"https:\/\/dev.scahockey.com\/index.php\/wp-json\/wp\/v2\/types\/page"}],"author":[{"embeddable":true,"href":"https:\/\/dev.scahockey.com\/index.php\/wp-json\/wp\/v2\/users\/1"}],"replies":[{"embeddable":true,"href":"https:\/\/dev.scahockey.com\/index.php\/wp-json\/wp\/v2\/comments?post=468"}],"version-history":[{"count":6,"href":"https:\/\/dev.scahockey.com\/index.php\/wp-json\/wp\/v2\/pages\/468\/revisions"}],"predecessor-version":[{"id":477,"href":"https:\/\/dev.scahockey.com\/index.php\/wp-json\/wp\/v2\/pages\/468\/revisions\/477"}],"wp:attachment":[{"href":"https:\/\/dev.scahockey.com\/index.php\/wp-json\/wp\/v2\/media?parent=468"}],"curies":[{"name":"wp","href":"https:\/\/api.w.org\/{rel}","templated":true}]}}