{"id":64,"date":"2022-01-31T16:41:27","date_gmt":"2022-01-31T15:41:27","guid":{"rendered":"http:\/\/dev.scahockey.com\/?page_id=64"},"modified":"2022-02-11T10:17:55","modified_gmt":"2022-02-11T09:17:55","slug":"le-hockey-cest-quoi","status":"publish","type":"page","link":"https:\/\/dev.scahockey.com\/index.php\/le-hockey-cest-quoi\/","title":{"rendered":"Le Hockey, c&#8217;est quoi ?"},"content":{"rendered":"<p>[et_pb_section fb_built=&#8221;1&#8243; fullwidth=&#8221;on&#8221; _builder_version=&#8221;4.14.3&#8243; _module_preset=&#8221;default&#8221; global_colors_info=&#8221;{}&#8221;][et_pb_fullwidth_slider use_bg_overlay=&#8221;on&#8221; bg_overlay_color=&#8221;rgba(255,255,255,0.53)&#8221; _builder_version=&#8221;4.13.0&#8243; _module_preset=&#8221;default&#8221; header_text_align=&#8221;center&#8221; content_width=&#8221;100%&#8221; min_height_tablet=&#8221;&#8221; min_height_phone=&#8221;&#8221; min_height_last_edited=&#8221;on|desktop&#8221; custom_padding=&#8221;||||false|false&#8221; hover_enabled=&#8221;0&#8243; locked=&#8221;off&#8221; global_colors_info=&#8221;{}&#8221; sticky_enabled=&#8221;0&#8243;][et_pb_slide heading=&#8221;Le Hockey sur Gazon &#8221; use_bg_overlay=&#8221;on&#8221; bg_overlay_color=&#8221;rgba(0,0,0,0.45)&#8221; _builder_version=&#8221;4.13.0&#8243; _module_preset=&#8221;default&#8221; header_font=&#8221;Raleway|700|on||||||&#8221; header_font_size=&#8221;60px&#8221; body_font=&#8221;Raleway|800|||||||&#8221; body_text_align=&#8221;center&#8221; body_text_color=&#8221;#FFFFFF&#8221; body_font_size=&#8221;52px&#8221; body_line_height=&#8221;2.2em&#8221; background_enable_color=&#8221;off&#8221; background_image=&#8221;https:\/\/dev.scahockey.com\/wp-content\/uploads\/2022\/01\/106005467_100295818416988_2202672548497281087_n.jpeg&#8221; background_enable_image=&#8221;on&#8221; background_position=&#8221;top_center&#8221; custom_button=&#8221;on&#8221; button_text_size=&#8221;20px&#8221; button_bg_color=&#8221;#2074B5&#8243; button_border_width=&#8221;0px&#8221; button_border_radius=&#8221;18px&#8221; button_font=&#8221;Raleway||||||||&#8221; button_alignment=&#8221;center&#8221; hover_enabled=&#8221;0&#8243; header_font_size_tablet=&#8221;60px&#8221; header_font_size_phone=&#8221;50px&#8221; header_font_size_last_edited=&#8221;on|phone&#8221; body_font_size_tablet=&#8221;85px&#8221; body_font_size_phone=&#8221;65px&#8221; body_font_size_last_edited=&#8221;on|phone&#8221; locked=&#8221;off&#8221; global_colors_info=&#8221;{}&#8221; sticky_transition=&#8221;on&#8221; sticky_enabled=&#8221;0&#8243;]<\/p>\n<div dir=\"auto\" style=\"text-align: center;\"><\/div>\n<div dir=\"auto\"><\/div>\n<p>[\/et_pb_slide][\/et_pb_fullwidth_slider][\/et_pb_section][et_pb_section fb_built=&#8221;1&#8243; module_class=&#8221;dc_inverser_colonnes-section&#8221; _builder_version=&#8221;4.13.0&#8243; _module_preset=&#8221;default&#8221; global_colors_info=&#8221;{}&#8221;][et_pb_row column_structure=&#8221;3_5,2_5&#8243; _builder_version=&#8221;4.14.3&#8243; _module_preset=&#8221;default&#8221; global_colors_info=&#8221;{}&#8221;][et_pb_column type=&#8221;3_5&#8243; _builder_version=&#8221;4.14.3&#8243; _module_preset=&#8221;default&#8221; global_colors_info=&#8221;{}&#8221;][et_pb_video src=&#8221;https:\/\/www.youtube.com\/watch?v=rKlLZO_nLH4&#8243; _builder_version=&#8221;4.13.0&#8243; _module_preset=&#8221;default&#8221; box_shadow_style=&#8221;preset1&#8243; global_colors_info=&#8221;{}&#8221;][\/et_pb_video][\/et_pb_column][et_pb_column type=&#8221;2_5&#8243; _builder_version=&#8221;4.14.3&#8243; _module_preset=&#8221;default&#8221; global_colors_info=&#8221;{}&#8221;][et_pb_blurb title=&#8221;Le hockey, un sport collectif encore m\u00e9connu en France&#8221; _builder_version=&#8221;4.13.0&#8243; _module_preset=&#8221;default&#8221; header_font=&#8221;Raleway|700|||||||&#8221; header_text_align=&#8221;center&#8221; body_font=&#8221;||||||||&#8221; text_orientation=&#8221;center&#8221; global_colors_info=&#8221;{}&#8221;]<\/p>\n<p>Le hockey sur gazon est un sport collectif de balle mettant aux prises deux formations de onze joueurs (ou joueuses) dont un gardien de but \u00e9quip\u00e9 en cons\u00e9quence.<\/p>\n<p>Le Hockey sur Gazon est apparu pour la premi\u00e8re fois aux Jeux Olympiques de 1908 pour les hommes. Il a fallu attendre ceux de 1980 pour que les femmes y soient enfin admises.<\/p>\n<p>Aujourd&#8217;hui le hockey sur gazon est le troisi\u00e8me sport le plus pratiqu\u00e9 dans le monde apr\u00e8s le football et le cricket.<\/p>\n<p>[\/et_pb_blurb][\/et_pb_column][\/et_pb_row][et_pb_row column_structure=&#8221;2_5,3_5&#8243; _builder_version=&#8221;4.14.3&#8243; _module_preset=&#8221;default&#8221; global_colors_info=&#8221;{}&#8221;][et_pb_column type=&#8221;2_5&#8243; _builder_version=&#8221;4.14.3&#8243; _module_preset=&#8221;default&#8221; global_colors_info=&#8221;{}&#8221;][et_pb_blurb title=&#8221;R\u00e8gles essentielles&#8221; _builder_version=&#8221;4.13.0&#8243; _module_preset=&#8221;default&#8221; header_text_align=&#8221;center&#8221; body_text_align=&#8221;justify&#8221; global_colors_info=&#8221;{}&#8221;]<\/p>\n<p>&nbsp;<\/p>\n<ul>\n<li>On joue la balle uniquement avec le c\u00f4t\u00e9 plat de la crosse.<\/li>\n<li>Le joueur ne peut toucher la balle avec aucune partie de son corps. Seul le gardien de but est autoris\u00e9 \u00e0 jouer avec tout son corps MAIS uniquement dans son cercle d\u2019envoi et sans provoquer de danger.<\/li>\n<li>Un but est valid\u00e9 seulement si la balle a \u00e9t\u00e9 &#8220;touch\u00e9e&#8221; dans la surface adverse par la crosse d&#8217;un joueur de l&#8217;\u00e9quipe attaquante.<\/li>\n<li>Tout jeu dangereux est sanctionn\u00e9 par les arbitres et peut \u00eatre accompagn\u00e9 d&#8217;un carton.<\/li>\n<\/ul>\n<p>[\/et_pb_blurb][\/et_pb_column][et_pb_column type=&#8221;3_5&#8243; _builder_version=&#8221;4.14.3&#8243; _module_preset=&#8221;default&#8221; global_colors_info=&#8221;{}&#8221;][et_pb_video src=&#8221;https:\/\/www.youtube.com\/watch?v=E4VgtZXhjYI&#8221; _builder_version=&#8221;4.13.0&#8243; _module_preset=&#8221;default&#8221; box_shadow_style=&#8221;preset1&#8243; global_colors_info=&#8221;{}&#8221;][\/et_pb_video][\/et_pb_column][\/et_pb_row][et_pb_row _builder_version=&#8221;4.14.2&#8243; locked=&#8221;off&#8221; global_colors_info=&#8221;{}&#8221;][et_pb_column type=&#8221;4_4&#8243; _builder_version=&#8221;4.14.2&#8243; custom_padding=&#8221;|||&#8221; global_colors_info=&#8221;{}&#8221; custom_padding__hover=&#8221;|||&#8221;][et_pb_text _builder_version=&#8221;4.13.0&#8243; text_font=&#8221;Raleway|800|||||||&#8221; text_font_size=&#8221;20px&#8221; text_letter_spacing=&#8221;1px&#8221; header_font=&#8221;Raleway|800|||||||&#8221; header_text_align=&#8221;center&#8221; header_2_font=&#8221;Oswald||||||||&#8221; header_2_font_size=&#8221;50px&#8221; header_2_font_size_tablet=&#8221;35px&#8221; header_2_font_size_phone=&#8221;25px&#8221; header_2_font_size_last_edited=&#8221;on|desktop&#8221; locked=&#8221;off&#8221; inline_fonts=&#8221;Raleway&#8221; global_colors_info=&#8221;{}&#8221;]<\/p>\n<h1>\u00c9quipement et mat\u00e9riel<\/h1>\n<p>[\/et_pb_text][\/et_pb_column][\/et_pb_row][et_pb_row column_structure=&#8221;1_3,1_3,1_3&#8243; _builder_version=&#8221;4.14.3&#8243; _module_preset=&#8221;default&#8221; global_colors_info=&#8221;{}&#8221;][et_pb_column type=&#8221;1_3&#8243; _builder_version=&#8221;4.14.3&#8243; _module_preset=&#8221;default&#8221; global_colors_info=&#8221;{}&#8221;][dsm_card title=&#8221;La crosse&#8221; image=&#8221;https:\/\/dev.scahockey.com\/wp-content\/uploads\/2022\/01\/DSC_0733-scaled.jpg&#8221; image_alignment=&#8221;center&#8221; button_url_new_window=&#8221;1&#8243; _builder_version=&#8221;4.13.0&#8243; _module_preset=&#8221;default&#8221; header_text_align=&#8221;center&#8221; body_text_align=&#8221;justify&#8221; border_radii_image=&#8221;on|2px|2px|2px|2px&#8221; box_shadow_style_image=&#8221;preset1&#8243; global_colors_info=&#8221;{}&#8221;]<\/p>\n<p>Compos\u00e9e d\u2019une seule pi\u00e8ce : elle est droite dans sa partie haute (manche), et est \u00e9quip\u00e9e d&#8217;un grip similaire \u00e0 celle d&#8217;une raquette de tennis. La partie basse (t\u00eate ou bec) est recourb\u00e9e et poss\u00e8de une face bomb\u00e9e vers l\u2019ext\u00e9rieur (c\u00f4t\u00e9 rond) et une face plane vers l\u2019int\u00e9rieur. Seul l&#8217;usage du c\u00f4t\u00e9 plat est autoris\u00e9 pour jouer la balle.<\/p>\n<p>[\/dsm_card][\/et_pb_column][et_pb_column type=&#8221;1_3&#8243; _builder_version=&#8221;4.14.3&#8243; _module_preset=&#8221;default&#8221; global_colors_info=&#8221;{}&#8221;][dsm_card title=&#8221;La balle&#8221; image=&#8221;https:\/\/dev.scahockey.com\/wp-content\/uploads\/2022\/01\/544597_10201075457707567_1260124752_n.jpeg&#8221; image_alignment=&#8221;center&#8221; button_url_new_window=&#8221;1&#8243; _builder_version=&#8221;4.13.0&#8243; _module_preset=&#8221;default&#8221; header_text_align=&#8221;center&#8221; body_text_align=&#8221;justify&#8221; border_radii_image=&#8221;on|2px|2px|2px|2px&#8221; box_shadow_style_image=&#8221;preset1&#8243; global_colors_info=&#8221;{}&#8221;]<\/p>\n<p>P\u00e8se entre 156 et 163 grammes pour les habituelles mais il existe des balles plus l\u00e9g\u00e8res pour les jeunes. La balle est la plupart du temps lisse (d\u00e9butants) mais des balles alv\u00e9ol\u00e9es (comme au golf) sont utilis\u00e9es pour les comp\u00e9titions de haut niveau sur les terrains en gazon synth\u00e9tique \u2018\u2019purs\u2019\u2019 et arros\u00e9s ce qui am\u00e9liore leurs trajectoires et permet un jeu de meilleure qualit\u00e9.<\/p>\n<p>[\/dsm_card][\/et_pb_column][et_pb_column type=&#8221;1_3&#8243; _builder_version=&#8221;4.14.3&#8243; _module_preset=&#8221;default&#8221; global_colors_info=&#8221;{}&#8221;][dsm_card title=&#8221;Le gardien de but&#8221; image=&#8221;https:\/\/dev.scahockey.com\/wp-content\/uploads\/2022\/01\/01d2f2926d2748caad8534658706217b.jpg&#8221; image_alignment=&#8221;center&#8221; button_url_new_window=&#8221;1&#8243; _builder_version=&#8221;4.13.0&#8243; _module_preset=&#8221;default&#8221; header_text_align=&#8221;center&#8221; body_text_align=&#8221;justify&#8221; border_radii_image=&#8221;on|2px|2px|2px|2px&#8221; box_shadow_style_image=&#8221;preset1&#8243; global_colors_info=&#8221;{}&#8221;]<\/p>\n<p><span>Le gardien de but utilise un \u00e9quipement de protection adapt\u00e9 \u00e0 son poste : casque, plastron, coquille, gu\u00eatres, sabots, coudi\u00e8res, gants et short renforc\u00e9. Le gardien de but porte un maillot de couleur diff\u00e9rente de celui des dix autres joueurs de son \u00e9quipe ainsi que celui de l\u2019\u00e9quipe adverse.\u00a0<\/span><\/p>\n<p>[\/dsm_card][\/et_pb_column][\/et_pb_row][et_pb_row column_structure=&#8221;1_2,1_2&#8243; _builder_version=&#8221;4.14.3&#8243; _module_preset=&#8221;default&#8221; min_height=&#8221;443.5px&#8221; custom_padding=&#8221;||0px||false|false&#8221; global_colors_info=&#8221;{}&#8221;][et_pb_column type=&#8221;1_2&#8243; _builder_version=&#8221;4.14.3&#8243; _module_preset=&#8221;default&#8221; global_colors_info=&#8221;{}&#8221;][dsm_perspective_image src=&#8221;https:\/\/dev.scahockey.com\/wp-content\/uploads\/2022\/02\/Photos-bienfait-enfants.jpeg&#8221; title_text=&#8221;Photos bienfait-enfants&#8221; _builder_version=&#8221;4.13.0&#8243; _module_preset=&#8221;default&#8221; box_shadow_style=&#8221;preset1&#8243; global_colors_info=&#8221;{}&#8221;][\/dsm_perspective_image][\/et_pb_column][et_pb_column type=&#8221;1_2&#8243; _builder_version=&#8221;4.13.0&#8243; _module_preset=&#8221;default&#8221; global_colors_info=&#8221;{}&#8221;][et_pb_blurb title=&#8221;Les bienfaits du hockey sur votre enfant&#8221; _builder_version=&#8221;4.13.0&#8243; _module_preset=&#8221;default&#8221; header_text_align=&#8221;center&#8221; body_text_align=&#8221;left&#8221; global_colors_info=&#8221;{}&#8221;][\/et_pb_blurb][et_pb_text _builder_version=&#8221;4.13.0&#8243; _module_preset=&#8221;default&#8221; global_colors_info=&#8221;{}&#8221;]<\/p>\n<p>Le hockey sur gazon sollicite des qualit\u00e9s d&#8217;agilit\u00e9, d&#8217;adresse, de vitesse, d&#8217;endurance et de souplesse.\u00a0Cela permet aussi d&#8217;acqu\u00e9rir l&#8217;esprit collectif, on joue entre et pour ses amis.<\/p>\n<p>Autre avantage : l&#8217;enfant prend l&#8217;air et r\u00e9duit son stress car il joue en ext\u00e9rieur (m\u00eame si en hiver nous jouons en salle).<\/p>\n<p>De plus le hockey sur gazon a des valeurs tr\u00e8s fortes, la f\u00e9d\u00e9ration et les clubs d\u00e9ploient d\u2019\u00e9normes efforts pour les faire vivre \u00e0 chaque niveau, et dans toutes les cat\u00e9gories d\u2019\u00e2ge. Les Belges (pays champion du monde) parlent des \u00ab 3 F \u00bb : Fun, Famille et Fair-Play !<\/p>\n<p>[\/et_pb_text][\/et_pb_column][\/et_pb_row][et_pb_row column_structure=&#8221;1_2,1_2&#8243; module_class=&#8221;dc_inverser_colonnes-ligne&#8221; _builder_version=&#8221;4.13.0&#8243; _module_preset=&#8221;default&#8221; min_height=&#8221;443.5px&#8221; custom_padding=&#8221;||0px||false|false&#8221; global_colors_info=&#8221;{}&#8221;][et_pb_column type=&#8221;1_2&#8243; _builder_version=&#8221;4.14.3&#8243; _module_preset=&#8221;default&#8221; global_colors_info=&#8221;{}&#8221;][et_pb_blurb title=&#8221;Une pratique pour tous les \u00e2ges&#8221; _builder_version=&#8221;4.14.3&#8243; _module_preset=&#8221;default&#8221; header_text_align=&#8221;center&#8221; body_text_align=&#8221;justify&#8221; global_colors_info=&#8221;{}&#8221;]<\/p>\n<p>Le hockey, c&#8217;est aussi une histoire de famille qui se transmet de g\u00e9n\u00e9ration en g\u00e9n\u00e9ration et qui cr\u00e9\u00e9e un lien ind\u00e9fectible entre ses membres.<\/p>\n<p>Le hockey se pratique, en comp\u00e9tition ou en loisirs, en famille ou entre amis, entre filles, entre gar\u00e7ons ou en mixit\u00e9, mais surtout avec le sourire et la passion !<\/p>\n<p>Au SCA nous vous accueillons de 5 ans jusqu&#8217;\u00e0 77 ans !<\/p>\n<p>[\/et_pb_blurb][et_pb_text _builder_version=&#8221;4.14.3&#8243; _module_preset=&#8221;default&#8221; global_colors_info=&#8221;{}&#8221;]<\/p>\n<p>Pour en savoir plus sur les r\u00e8gles, rendez-vous sur le site de la f\u00e9d\u00e9ration Fran\u00e7aise de Hockey<\/p>\n<p>[\/et_pb_text][et_pb_button button_url=&#8221;https:\/\/www.ffhockey.org\/jouer-au-hockey\/le-jeu.html&#8221; url_new_window=&#8221;on&#8221; button_text=&#8221;En savoir plus&#8221; button_alignment=&#8221;center&#8221; _builder_version=&#8221;4.14.3&#8243; _module_preset=&#8221;default&#8221; custom_button=&#8221;on&#8221; button_text_size=&#8221;20px&#8221; button_text_color=&#8221;#F2F2F2&#8243; button_bg_color=&#8221;#2074B5&#8243; button_bg_color_gradient_start=&#8221;#e20c17&#8243; button_bg_color_gradient_end=&#8221;#11135d&#8221; button_bg_color_gradient_direction=&#8221;266deg&#8221; button_bg_color_gradient_start_position=&#8221;100%&#8221; button_border_width=&#8221;1px&#8221; button_border_color=&#8221;RGBA(0,0,0,0)&#8221; button_border_radius=&#8221;18px&#8221; button_font=&#8221;Raleway|600|||||||&#8221; custom_padding=&#8221;9px|||||&#8221; box_shadow_style=&#8221;preset2&#8243; global_colors_info=&#8221;{}&#8221; button_bg_color__hover=&#8221;#093f69&#8243; button_bg_color__hover_enabled=&#8221;on|hover&#8221;][\/et_pb_button][\/et_pb_column][et_pb_column type=&#8221;1_2&#8243; _builder_version=&#8221;4.14.3&#8243; _module_preset=&#8221;default&#8221; global_colors_info=&#8221;{}&#8221;][dsm_image_carousel gallery_ids=&#8221;155,71,125,74,72,283&#8243; slide_to_show=&#8221;1&#8243; speed=&#8221;597&#8243; arrows=&#8221;off&#8221; show_lightbox=&#8221;on&#8221; show_lightbox_gallery=&#8221;on&#8221; _builder_version=&#8221;4.13.0&#8243; _module_preset=&#8221;default&#8221; custom_padding=&#8221;0px||0px||false|false&#8221; global_colors_info=&#8221;{}&#8221;][\/dsm_image_carousel][\/et_pb_column][\/et_pb_row][\/et_pb_section]<\/p>\n","protected":false},"excerpt":{"rendered":"<p>Le hockey sur gazon est un sport collectif de balle mettant aux prises deux formations de onze joueurs (ou joueuses) dont un gardien de but \u00e9quip\u00e9 en cons\u00e9quence. Le Hockey sur Gazon est apparu pour la premi\u00e8re fois aux Jeux Olympiques de 1908 pour les hommes. Il a fallu attendre ceux de 1980 pour que [&hellip;]<\/p>\n","protected":false},"author":1,"featured_media":0,"parent":0,"menu_order":0,"comment_status":"closed","ping_status":"closed","template":"","meta":{"_et_pb_use_builder":"on","_et_pb_old_content":"","_et_gb_content_width":"","inline_featured_image":false,"footnotes":""},"class_list":["post-64","page","type-page","status-publish","hentry"],"yoast_head":"<!-- This site is optimized with the Yoast SEO plugin v18.4.1 - https:\/\/yoast.com\/wordpress\/plugins\/seo\/ -->\n<title>Le Hockey, c&#039;est quoi ? - SCA Hockey Abbeville<\/title>\n<meta name=\"robots\" content=\"noindex, follow, max-snippet:-1, max-image-preview:large, max-video-preview:-1\" \/>\n<meta property=\"og:locale\" content=\"en_US\" \/>\n<meta property=\"og:type\" content=\"article\" \/>\n<meta property=\"og:title\" content=\"Le Hockey, c&#039;est quoi ? - SCA Hockey Abbeville\" \/>\n<meta property=\"og:description\" content=\"Le hockey sur gazon est un sport collectif de balle mettant aux prises deux formations de onze joueurs (ou joueuses) dont un gardien de but \u00e9quip\u00e9 en cons\u00e9quence. Le Hockey sur Gazon est apparu pour la premi\u00e8re fois aux Jeux Olympiques de 1908 pour les hommes. Il a fallu attendre ceux de 1980 pour que [&hellip;]\" \/>\n<meta property=\"og:url\" content=\"https:\/\/dev.scahockey.com\/index.php\/le-hockey-cest-quoi\/\" \/>\n<meta property=\"og:site_name\" content=\"SCA Hockey Abbeville\" \/>\n<meta property=\"article:modified_time\" content=\"2022-02-11T09:17:55+00:00\" \/>\n<meta name=\"twitter:card\" content=\"summary_large_image\" \/>\n<script type=\"application\/ld+json\" class=\"yoast-schema-graph\">{\"@context\":\"https:\/\/schema.org\",\"@graph\":[{\"@type\":\"WebSite\",\"@id\":\"https:\/\/dev.scahockey.com\/#website\",\"url\":\"https:\/\/dev.scahockey.com\/\",\"name\":\"SCA Hockey Abbeville\",\"description\":\"De la tenue, de la dignit\u00e9, de la correction\",\"potentialAction\":[{\"@type\":\"SearchAction\",\"target\":{\"@type\":\"EntryPoint\",\"urlTemplate\":\"https:\/\/dev.scahockey.com\/?s={search_term_string}\"},\"query-input\":\"required name=search_term_string\"}],\"inLanguage\":\"en-US\"},{\"@type\":\"WebPage\",\"@id\":\"https:\/\/dev.scahockey.com\/index.php\/le-hockey-cest-quoi\/#webpage\",\"url\":\"https:\/\/dev.scahockey.com\/index.php\/le-hockey-cest-quoi\/\",\"name\":\"Le Hockey, c'est quoi ? - SCA Hockey Abbeville\",\"isPartOf\":{\"@id\":\"https:\/\/dev.scahockey.com\/#website\"},\"datePublished\":\"2022-01-31T15:41:27+00:00\",\"dateModified\":\"2022-02-11T09:17:55+00:00\",\"breadcrumb\":{\"@id\":\"https:\/\/dev.scahockey.com\/index.php\/le-hockey-cest-quoi\/#breadcrumb\"},\"inLanguage\":\"en-US\",\"potentialAction\":[{\"@type\":\"ReadAction\",\"target\":[\"https:\/\/dev.scahockey.com\/index.php\/le-hockey-cest-quoi\/\"]}]},{\"@type\":\"BreadcrumbList\",\"@id\":\"https:\/\/dev.scahockey.com\/index.php\/le-hockey-cest-quoi\/#breadcrumb\",\"itemListElement\":[{\"@type\":\"ListItem\",\"position\":1,\"name\":\"Accueil\",\"item\":\"https:\/\/dev.scahockey.com\/\"},{\"@type\":\"ListItem\",\"position\":2,\"name\":\"Le Hockey, c&rsquo;est quoi ?\"}]}]}<\/script>\n<!-- \/ Yoast SEO plugin. -->","yoast_head_json":{"title":"Le Hockey, c'est quoi ? - SCA Hockey Abbeville","robots":{"index":"noindex","follow":"follow","max-snippet":"max-snippet:-1","max-image-preview":"max-image-preview:large","max-video-preview":"max-video-preview:-1"},"og_locale":"en_US","og_type":"article","og_title":"Le Hockey, c'est quoi ? - SCA Hockey Abbeville","og_description":"Le hockey sur gazon est un sport collectif de balle mettant aux prises deux formations de onze joueurs (ou joueuses) dont un gardien de but \u00e9quip\u00e9 en cons\u00e9quence. Le Hockey sur Gazon est apparu pour la premi\u00e8re fois aux Jeux Olympiques de 1908 pour les hommes. Il a fallu attendre ceux de 1980 pour que [&hellip;]","og_url":"https:\/\/dev.scahockey.com\/index.php\/le-hockey-cest-quoi\/","og_site_name":"SCA Hockey Abbeville","article_modified_time":"2022-02-11T09:17:55+00:00","twitter_card":"summary_large_image","schema":{"@context":"https:\/\/schema.org","@graph":[{"@type":"WebSite","@id":"https:\/\/dev.scahockey.com\/#website","url":"https:\/\/dev.scahockey.com\/","name":"SCA Hockey Abbeville","description":"De la tenue, de la dignit\u00e9, de la correction","potentialAction":[{"@type":"SearchAction","target":{"@type":"EntryPoint","urlTemplate":"https:\/\/dev.scahockey.com\/?s={search_term_string}"},"query-input":"required name=search_term_string"}],"inLanguage":"en-US"},{"@type":"WebPage","@id":"https:\/\/dev.scahockey.com\/index.php\/le-hockey-cest-quoi\/#webpage","url":"https:\/\/dev.scahockey.com\/index.php\/le-hockey-cest-quoi\/","name":"Le Hockey, c'est quoi ? - SCA Hockey Abbeville","isPartOf":{"@id":"https:\/\/dev.scahockey.com\/#website"},"datePublished":"2022-01-31T15:41:27+00:00","dateModified":"2022-02-11T09:17:55+00:00","breadcrumb":{"@id":"https:\/\/dev.scahockey.com\/index.php\/le-hockey-cest-quoi\/#breadcrumb"},"inLanguage":"en-US","potentialAction":[{"@type":"ReadAction","target":["https:\/\/dev.scahockey.com\/index.php\/le-hockey-cest-quoi\/"]}]},{"@type":"BreadcrumbList","@id":"https:\/\/dev.scahockey.com\/index.php\/le-hockey-cest-quoi\/#breadcrumb","itemListElement":[{"@type":"ListItem","position":1,"name":"Accueil","item":"https:\/\/dev.scahockey.com\/"},{"@type":"ListItem","position":2,"name":"Le Hockey, c&rsquo;est quoi ?"}]}]}},"_links":{"self":[{"href":"https:\/\/dev.scahockey.com\/index.php\/wp-json\/wp\/v2\/pages\/64","targetHints":{"allow":["GET"]}}],"collection":[{"href":"https:\/\/dev.scahockey.com\/index.php\/wp-json\/wp\/v2\/pages"}],"about":[{"href":"https:\/\/dev.scahockey.com\/index.php\/wp-json\/wp\/v2\/types\/page"}],"author":[{"embeddable":true,"href":"https:\/\/dev.scahockey.com\/index.php\/wp-json\/wp\/v2\/users\/1"}],"replies":[{"embeddable":true,"href":"https:\/\/dev.scahockey.com\/index.php\/wp-json\/wp\/v2\/comments?post=64"}],"version-history":[{"count":20,"href":"https:\/\/dev.scahockey.com\/index.php\/wp-json\/wp\/v2\/pages\/64\/revisions"}],"predecessor-version":[{"id":948,"href":"https:\/\/dev.scahockey.com\/index.php\/wp-json\/wp\/v2\/pages\/64\/revisions\/948"}],"wp:attachment":[{"href":"https:\/\/dev.scahockey.com\/index.php\/wp-json\/wp\/v2\/media?parent=64"}],"curies":[{"name":"wp","href":"https:\/\/api.w.org\/{rel}","templated":true}]}}